{"id":51,"date":"2023-08-08T14:29:05","date_gmt":"2023-08-08T14:29:05","guid":{"rendered":"https:\/\/constructionoverload.com\/drain-francais-fissures-de-fondation-etc\/"},"modified":"2023-09-25T19:07:49","modified_gmt":"2023-09-25T19:07:49","slug":"drain-francais","status":"publish","type":"page","link":"https:\/\/constructionoverload.com\/en\/drain-francais\/","title":{"rendered":"Drain fran\u00e7ais"},"content":{"rendered":"<div data-elementor-type=\"wp-page\" data-elementor-id=\"51\" class=\"elementor elementor-51\" data-elementor-settings=\"{&quot;ha_cmc_init_switcher&quot;:&quot;no&quot;}\" data-elementor-post-type=\"page\">\n\t\t\t\t\t\t<section class=\"elementor-section elementor-top-section elementor-element elementor-element-4239072 elementor-section-height-min-height elementor-section-boxed elementor-section-height-default elementor-section-items-middle\" data-id=\"4239072\" data-element_type=\"section\" data-e-type=\"section\" data-settings=\"{&quot;background_background&quot;:&quot;classic&quot;}\">\n\t\t\t\t\t\t\t<div class=\"elementor-background-overlay\"><\/div>\n\t\t\t\t\t\t\t<div class=\"elementor-container elementor-column-gap-default\">\n\t\t\t\t\t<div class=\"elementor-column elementor-col-100 elementor-top-column elementor-element elementor-element-36fbf4b9\" data-id=\"36fbf4b9\" data-element_type=\"column\" data-e-type=\"column\">\n\t\t\t<div class=\"elementor-widget-wrap elementor-element-populated\">\n\t\t\t\t\t\t<div class=\"elementor-element elementor-element-149c013e elementor-widget elementor-widget-heading\" data-id=\"149c013e\" data-element_type=\"widget\" data-e-type=\"widget\" data-widget_type=\"heading.default\">\n\t\t\t\t<div class=\"elementor-widget-container\">\n\t\t\t\t\t<div class=\"elementor-heading-title elementor-size-default\">Personalized service<\/div>\t\t\t\t<\/div>\n\t\t\t\t<\/div>\n\t\t\t\t<div class=\"elementor-element elementor-element-53b8362b elementor-widget elementor-widget-heading\" data-id=\"53b8362b\" data-element_type=\"widget\" data-e-type=\"widget\" data-widget_type=\"heading.default\">\n\t\t\t\t<div class=\"elementor-widget-container\">\n\t\t\t\t\t<div class=\"elementor-heading-title elementor-size-default\">for your turnkey projects<\/div>\t\t\t\t<\/div>\n\t\t\t\t<\/div>\n\t\t\t\t\t<\/div>\n\t\t<\/div>\n\t\t\t\t\t<\/div>\n\t\t<\/section>\n\t\t\t\t<section class=\"elementor-section elementor-top-section elementor-element elementor-element-5e96ef00 elementor-section-boxed elementor-section-height-default elementor-section-height-default\" data-id=\"5e96ef00\" data-element_type=\"section\" data-e-type=\"section\" data-settings=\"{&quot;background_background&quot;:&quot;classic&quot;}\">\n\t\t\t\t\t\t<div class=\"elementor-container elementor-column-gap-default\">\n\t\t\t\t\t<div class=\"elementor-column elementor-col-100 elementor-top-column elementor-element elementor-element-4ffcf64f\" data-id=\"4ffcf64f\" data-element_type=\"column\" data-e-type=\"column\">\n\t\t\t<div class=\"elementor-widget-wrap elementor-element-populated\">\n\t\t\t\t\t\t<div class=\"elementor-element elementor-element-6baaba5 elementor-widget elementor-widget-heading\" data-id=\"6baaba5\" data-element_type=\"widget\" data-e-type=\"widget\" data-widget_type=\"heading.default\">\n\t\t\t\t<div class=\"elementor-widget-container\">\n\t\t\t\t\t<h1 class=\"elementor-heading-title elementor-size-default\">Drain fran\u00e7ais et r\u00e9paration de fissures Vaudreuil, Valleyfield et St-Zotique<\/h1>\t\t\t\t<\/div>\n\t\t\t\t<\/div>\n\t\t\t\t<div class=\"elementor-element elementor-element-4f5fc9ea elementor-widget elementor-widget-text-editor\" data-id=\"4f5fc9ea\" data-element_type=\"widget\" data-e-type=\"widget\" data-widget_type=\"text-editor.default\">\n\t\t\t\t<div class=\"elementor-widget-container\">\n\t\t\t\t\t\t\t\t\t<p>Construction Overload est votre expert en travaux reli\u00e9s aux fondations dans les r\u00e9gions de Vaudreuil-Dorion, St-Zotique, Salaberry-de-Valleyfield, Rigaud, Les Coteaux et les envions. Avec notre savoir-faire et notre exp\u00e9rience, nous vous offrons des services de haute qualit\u00e9 pour tous vos besoins en mati\u00e8re de fondations.<\/p><p>Nos services comprennent une gamme compl\u00e8te de travaux sp\u00e9cialis\u00e9s tels que les drains fran\u00e7ais, essentiels pour assurer une gestion efficace des eaux souterraines et pr\u00e9venir les probl\u00e8mes d&rsquo;infiltration. Nous r\u00e9alisons \u00e9galement des travaux d&rsquo;imperm\u00e9abilisation en utilisant des mat\u00e9riaux tels que le goudron et la membrane delta, garantissant une protection durable contre l&rsquo;humidit\u00e9 et les infiltrations d&rsquo;eau.<\/p><p>De plus, nous proposons des services de <a href=\"https:\/\/constructionoverload.com\/fissures-fondation-beton\/\">r\u00e9paration de fissures de fondation<\/a> int\u00e9rieure et ext\u00e9rieure, gr\u00e2ce \u00e0 l&rsquo;injection de polyur\u00e9thane \u00e0 haute pression. Cette m\u00e9thode \u00e9prouv\u00e9e permet de sceller les fissures de mani\u00e8re efficace, renfor\u00e7ant ainsi la solidit\u00e9 de vos fondations.<\/p><p>Chez <a href=\"https:\/\/constructionoverload.com\/\">Construction Overload<\/a>, nous sommes d\u00e9vou\u00e9s \u00e0 fournir des services de haute qualit\u00e9 pour assurer la stabilit\u00e9 et la durabilit\u00e9 de vos fondations. Notre \u00e9quipe d&rsquo;experts est \u00e9quip\u00e9e des derni\u00e8res technologies et se tient \u00e0 jour des meilleures pratiques de l&rsquo;industrie. Nous mettrons donc notre exp\u00e9rience en <a href=\"https:\/\/constructionoverload.com\/entrepreneur-en-excavation-vaudreuil-valleyfield-st-zotique\/\">excavation<\/a> \u00e0 profit de vos travaux de drainage.<\/p><p>Contactez-nous d\u00e8s aujourd&rsquo;hui pour discuter de vos besoins en mati\u00e8re de fondations. Nous sommes l\u00e0 pour vous offrir des solutions adapt\u00e9es \u00e0 vos projets, avec professionnalisme et expertise.<\/p>\t\t\t\t\t\t\t\t<\/div>\n\t\t\t\t<\/div>\n\t\t\t\t<div class=\"elementor-element elementor-element-95386ab elementor-align-center elementor-widget elementor-widget-button\" data-id=\"95386ab\" data-element_type=\"widget\" data-e-type=\"widget\" data-widget_type=\"button.default\">\n\t\t\t\t<div class=\"elementor-widget-container\">\n\t\t\t\t\t\t\t\t\t<div class=\"elementor-button-wrapper\">\n\t\t\t\t\t<a class=\"elementor-button elementor-button-link elementor-size-sm\" href=\"https:\/\/constructionoverload.com\/nous-joindre\/\">\n\t\t\t\t\t\t<span class=\"elementor-button-content-wrapper\">\n\t\t\t\t\t\t\t\t\t<span class=\"elementor-button-text\">nous joindre<\/span>\n\t\t\t\t\t<\/span>\n\t\t\t\t\t<\/a>\n\t\t\t\t<\/div>\n\t\t\t\t\t\t\t\t<\/div>\n\t\t\t\t<\/div>\n\t\t\t\t\t<\/div>\n\t\t<\/div>\n\t\t\t\t\t<\/div>\n\t\t<\/section>\n\t\t\t\t<section class=\"elementor-section elementor-top-section elementor-element elementor-element-68ac450d elementor-section-full_width elementor-section-height-default elementor-section-height-default\" data-id=\"68ac450d\" data-element_type=\"section\" data-e-type=\"section\">\n\t\t\t\t\t\t<div class=\"elementor-container elementor-column-gap-default\">\n\t\t\t\t\t<div class=\"elementor-column elementor-col-100 elementor-top-column elementor-element elementor-element-666e43a0\" data-id=\"666e43a0\" data-element_type=\"column\" data-e-type=\"column\">\n\t\t\t<div class=\"elementor-widget-wrap elementor-element-populated\">\n\t\t\t\t\t\t<div class=\"elementor-element elementor-element-63ceddc3 elementor-widget elementor-widget-gallery\" data-id=\"63ceddc3\" data-element_type=\"widget\" data-e-type=\"widget\" data-settings=\"{&quot;columns&quot;:3,&quot;columns_tablet&quot;:3,&quot;lazyload&quot;:&quot;yes&quot;,&quot;gallery_layout&quot;:&quot;grid&quot;,&quot;columns_mobile&quot;:1,&quot;gap&quot;:{&quot;unit&quot;:&quot;px&quot;,&quot;size&quot;:10,&quot;sizes&quot;:[]},&quot;gap_tablet&quot;:{&quot;unit&quot;:&quot;px&quot;,&quot;size&quot;:10,&quot;sizes&quot;:[]},&quot;gap_mobile&quot;:{&quot;unit&quot;:&quot;px&quot;,&quot;size&quot;:10,&quot;sizes&quot;:[]},&quot;link_to&quot;:&quot;file&quot;,&quot;aspect_ratio&quot;:&quot;3:2&quot;,&quot;overlay_background&quot;:&quot;yes&quot;,&quot;content_hover_animation&quot;:&quot;fade-in&quot;}\" data-widget_type=\"gallery.default\">\n\t\t\t\t<div class=\"elementor-widget-container\">\n\t\t\t\t\t\t\t<div class=\"elementor-gallery__container\">\n\t\t\t\t\t\t\t<a class=\"e-gallery-item elementor-gallery-item elementor-animated-content\" href=\"https:\/\/constructionoverload.com\/wp-content\/uploads\/2023\/08\/drain-francais-fissures-fondations-monteregie-01.jpg\" data-elementor-open-lightbox=\"yes\" data-elementor-lightbox-slideshow=\"63ceddc3\" data-elementor-lightbox-title=\"drain-francais-fissures-fondations-monteregie-01.jpg\" data-e-action-hash=\"#elementor-action%3Aaction%3Dlightbox%26settings%3DeyJpZCI6NTIsInVybCI6Imh0dHBzOlwvXC9jb25zdHJ1Y3Rpb25vdmVybG9hZC5jb21cL3dwLWNvbnRlbnRcL3VwbG9hZHNcLzIwMjNcLzA4XC9kcmFpbi1mcmFuY2Fpcy1maXNzdXJlcy1mb25kYXRpb25zLW1vbnRlcmVnaWUtMDEuanBnIiwic2xpZGVzaG93IjoiNjNjZWRkYzMifQ%3D%3D\">\n\t\t\t\t\t<div class=\"e-gallery-image elementor-gallery-item__image\" data-thumbnail=\"https:\/\/constructionoverload.com\/wp-content\/uploads\/2023\/08\/drain-francais-fissures-fondations-monteregie-01.jpg\" data-width=\"710\" data-height=\"510\" aria-label=\"\" role=\"img\" ><\/div>\n\t\t\t\t\t\t\t\t\t\t\t<div class=\"elementor-gallery-item__overlay\"><\/div>\n\t\t\t\t\t\t\t\t\t\t\t\t\t\t<\/a>\n\t\t\t\t\t\t\t<a class=\"e-gallery-item elementor-gallery-item elementor-animated-content\" href=\"https:\/\/constructionoverload.com\/wp-content\/uploads\/2023\/08\/drain-francais-fissures-fondations-monteregie-02.jpg\" data-elementor-open-lightbox=\"yes\" data-elementor-lightbox-slideshow=\"63ceddc3\" data-elementor-lightbox-title=\"drain-francais-fissures-fondations-monteregie-02.jpg\" data-e-action-hash=\"#elementor-action%3Aaction%3Dlightbox%26settings%3DeyJpZCI6NTMsInVybCI6Imh0dHBzOlwvXC9jb25zdHJ1Y3Rpb25vdmVybG9hZC5jb21cL3dwLWNvbnRlbnRcL3VwbG9hZHNcLzIwMjNcLzA4XC9kcmFpbi1mcmFuY2Fpcy1maXNzdXJlcy1mb25kYXRpb25zLW1vbnRlcmVnaWUtMDIuanBnIiwic2xpZGVzaG93IjoiNjNjZWRkYzMifQ%3D%3D\">\n\t\t\t\t\t<div class=\"e-gallery-image elementor-gallery-item__image\" data-thumbnail=\"https:\/\/constructionoverload.com\/wp-content\/uploads\/2023\/08\/drain-francais-fissures-fondations-monteregie-02.jpg\" data-width=\"710\" data-height=\"510\" aria-label=\"\" role=\"img\" ><\/div>\n\t\t\t\t\t\t\t\t\t\t\t<div class=\"elementor-gallery-item__overlay\"><\/div>\n\t\t\t\t\t\t\t\t\t\t\t\t\t\t<\/a>\n\t\t\t\t\t\t\t<a class=\"e-gallery-item elementor-gallery-item elementor-animated-content\" href=\"https:\/\/constructionoverload.com\/wp-content\/uploads\/2023\/08\/drain-francais-fissures-fondations-monteregie-03.jpg\" data-elementor-open-lightbox=\"yes\" data-elementor-lightbox-slideshow=\"63ceddc3\" data-elementor-lightbox-title=\"drain-francais-fissures-fondations-monteregie-03.jpg\" data-e-action-hash=\"#elementor-action%3Aaction%3Dlightbox%26settings%3DeyJpZCI6NTQsInVybCI6Imh0dHBzOlwvXC9jb25zdHJ1Y3Rpb25vdmVybG9hZC5jb21cL3dwLWNvbnRlbnRcL3VwbG9hZHNcLzIwMjNcLzA4XC9kcmFpbi1mcmFuY2Fpcy1maXNzdXJlcy1mb25kYXRpb25zLW1vbnRlcmVnaWUtMDMuanBnIiwic2xpZGVzaG93IjoiNjNjZWRkYzMifQ%3D%3D\">\n\t\t\t\t\t<div class=\"e-gallery-image elementor-gallery-item__image\" data-thumbnail=\"https:\/\/constructionoverload.com\/wp-content\/uploads\/2023\/08\/drain-francais-fissures-fondations-monteregie-03.jpg\" data-width=\"710\" data-height=\"510\" aria-label=\"\" role=\"img\" ><\/div>\n\t\t\t\t\t\t\t\t\t\t\t<div class=\"elementor-gallery-item__overlay\"><\/div>\n\t\t\t\t\t\t\t\t\t\t\t\t\t\t<\/a>\n\t\t\t\t\t\t\t<a class=\"e-gallery-item elementor-gallery-item elementor-animated-content\" href=\"https:\/\/constructionoverload.com\/wp-content\/uploads\/2023\/08\/drain-francais-fissures-fondations-monteregie-04.jpg\" data-elementor-open-lightbox=\"yes\" data-elementor-lightbox-slideshow=\"63ceddc3\" data-elementor-lightbox-title=\"drain-francais-fissures-fondations-monteregie-04.jpg\" data-e-action-hash=\"#elementor-action%3Aaction%3Dlightbox%26settings%3DeyJpZCI6NTUsInVybCI6Imh0dHBzOlwvXC9jb25zdHJ1Y3Rpb25vdmVybG9hZC5jb21cL3dwLWNvbnRlbnRcL3VwbG9hZHNcLzIwMjNcLzA4XC9kcmFpbi1mcmFuY2Fpcy1maXNzdXJlcy1mb25kYXRpb25zLW1vbnRlcmVnaWUtMDQuanBnIiwic2xpZGVzaG93IjoiNjNjZWRkYzMifQ%3D%3D\">\n\t\t\t\t\t<div class=\"e-gallery-image elementor-gallery-item__image\" data-thumbnail=\"https:\/\/constructionoverload.com\/wp-content\/uploads\/2023\/08\/drain-francais-fissures-fondations-monteregie-04.jpg\" data-width=\"710\" data-height=\"510\" aria-label=\"\" role=\"img\" ><\/div>\n\t\t\t\t\t\t\t\t\t\t\t<div class=\"elementor-gallery-item__overlay\"><\/div>\n\t\t\t\t\t\t\t\t\t\t\t\t\t\t<\/a>\n\t\t\t\t\t\t\t<a class=\"e-gallery-item elementor-gallery-item elementor-animated-content\" href=\"https:\/\/constructionoverload.com\/wp-content\/uploads\/2023\/08\/drain-francais-fissures-fondations-monteregie-05.jpg\" data-elementor-open-lightbox=\"yes\" data-elementor-lightbox-slideshow=\"63ceddc3\" data-elementor-lightbox-title=\"drain-francais-fissures-fondations-monteregie-05.jpg\" data-e-action-hash=\"#elementor-action%3Aaction%3Dlightbox%26settings%3DeyJpZCI6NTYsInVybCI6Imh0dHBzOlwvXC9jb25zdHJ1Y3Rpb25vdmVybG9hZC5jb21cL3dwLWNvbnRlbnRcL3VwbG9hZHNcLzIwMjNcLzA4XC9kcmFpbi1mcmFuY2Fpcy1maXNzdXJlcy1mb25kYXRpb25zLW1vbnRlcmVnaWUtMDUuanBnIiwic2xpZGVzaG93IjoiNjNjZWRkYzMifQ%3D%3D\">\n\t\t\t\t\t<div class=\"e-gallery-image elementor-gallery-item__image\" data-thumbnail=\"https:\/\/constructionoverload.com\/wp-content\/uploads\/2023\/08\/drain-francais-fissures-fondations-monteregie-05.jpg\" data-width=\"710\" data-height=\"510\" aria-label=\"\" role=\"img\" ><\/div>\n\t\t\t\t\t\t\t\t\t\t\t<div class=\"elementor-gallery-item__overlay\"><\/div>\n\t\t\t\t\t\t\t\t\t\t\t\t\t\t<\/a>\n\t\t\t\t\t\t\t<a class=\"e-gallery-item elementor-gallery-item elementor-animated-content\" href=\"https:\/\/constructionoverload.com\/wp-content\/uploads\/2023\/08\/drain-francais-fissures-fondations-monteregie-06.jpg\" data-elementor-open-lightbox=\"yes\" data-elementor-lightbox-slideshow=\"63ceddc3\" data-elementor-lightbox-title=\"drain-francais-fissures-fondations-monteregie-06.jpg\" data-e-action-hash=\"#elementor-action%3Aaction%3Dlightbox%26settings%3DeyJpZCI6NTcsInVybCI6Imh0dHBzOlwvXC9jb25zdHJ1Y3Rpb25vdmVybG9hZC5jb21cL3dwLWNvbnRlbnRcL3VwbG9hZHNcLzIwMjNcLzA4XC9kcmFpbi1mcmFuY2Fpcy1maXNzdXJlcy1mb25kYXRpb25zLW1vbnRlcmVnaWUtMDYuanBnIiwic2xpZGVzaG93IjoiNjNjZWRkYzMifQ%3D%3D\">\n\t\t\t\t\t<div class=\"e-gallery-image elementor-gallery-item__image\" data-thumbnail=\"https:\/\/constructionoverload.com\/wp-content\/uploads\/2023\/08\/drain-francais-fissures-fondations-monteregie-06.jpg\" data-width=\"710\" data-height=\"510\" aria-label=\"\" role=\"img\" ><\/div>\n\t\t\t\t\t\t\t\t\t\t\t<div class=\"elementor-gallery-item__overlay\"><\/div>\n\t\t\t\t\t\t\t\t\t\t\t\t\t\t<\/a>\n\t\t\t\t\t<\/div>\n\t\t\t\t\t<\/div>\n\t\t\t\t<\/div>\n\t\t\t\t\t<\/div>\n\t\t<\/div>\n\t\t\t\t\t<\/div>\n\t\t<\/section>\n\t\t\t\t<section class=\"elementor-section elementor-inner-section elementor-element elementor-element-5626b547 elementor-section-height-min-height elementor-section-boxed elementor-section-height-default elementor-section-items-middle\" data-id=\"5626b547\" data-element_type=\"section\" data-e-type=\"section\" data-settings=\"{&quot;background_background&quot;:&quot;classic&quot;}\">\n\t\t\t\t\t\t\t<div class=\"elementor-background-overlay\"><\/div>\n\t\t\t\t\t\t\t<div class=\"elementor-container elementor-column-gap-default\">\n\t\t\t\t\t<div class=\"elementor-column elementor-col-100 elementor-inner-column elementor-element elementor-element-6366bda3\" data-id=\"6366bda3\" data-element_type=\"column\" data-e-type=\"column\">\n\t\t\t<div class=\"elementor-widget-wrap elementor-element-populated\">\n\t\t\t\t\t\t<section class=\"elementor-section elementor-inner-section elementor-element elementor-element-6e95591a elementor-section-boxed elementor-section-height-default elementor-section-height-default\" data-id=\"6e95591a\" data-element_type=\"section\" data-e-type=\"section\">\n\t\t\t\t\t\t<div class=\"elementor-container elementor-column-gap-default\">\n\t\t\t\t\t<div class=\"elementor-column elementor-col-100 elementor-inner-column elementor-element elementor-element-1da452e5\" data-id=\"1da452e5\" data-element_type=\"column\" data-e-type=\"column\">\n\t\t\t<div class=\"elementor-widget-wrap elementor-element-populated\">\n\t\t\t\t\t\t<div class=\"elementor-element elementor-element-1c789a2f elementor-widget elementor-widget-heading\" data-id=\"1c789a2f\" data-element_type=\"widget\" data-e-type=\"widget\" data-widget_type=\"heading.default\">\n\t\t\t\t<div class=\"elementor-widget-container\">\n\t\t\t\t\t<h2 class=\"elementor-heading-title elementor-size-default\">Soumission sans frais pour vos travaux <span class=\"text-nowrap\">de fondation<\/span><\/h2>\t\t\t\t<\/div>\n\t\t\t\t<\/div>\n\t\t\t\t<div class=\"elementor-element elementor-element-cc09a92 elementor-widget elementor-widget-text-editor\" data-id=\"cc09a92\" data-element_type=\"widget\" data-e-type=\"widget\" data-widget_type=\"text-editor.default\">\n\t\t\t\t<div class=\"elementor-widget-container\">\n\t\t\t\t\t\t\t\t\t<p>L\u2019\u00e9quipe de Construction Overload peut r\u00e9aliser l\u2019ensemble de vos travaux de fondation en Mont\u00e9r\u00e9gie. Demandez notre expertise pour un projet r\u00e9alis\u00e9 selon les normes les plus \u00e9lev\u00e9es de l\u2019industrie.<\/p>\t\t\t\t\t\t\t\t<\/div>\n\t\t\t\t<\/div>\n\t\t\t\t\t<\/div>\n\t\t<\/div>\n\t\t\t\t\t<\/div>\n\t\t<\/section>\n\t\t\t\t<section class=\"elementor-section elementor-inner-section elementor-element elementor-element-12a1d6dc elementor-section-boxed elementor-section-height-default elementor-section-height-default\" data-id=\"12a1d6dc\" data-element_type=\"section\" data-e-type=\"section\">\n\t\t\t\t\t\t<div class=\"elementor-container elementor-column-gap-default\">\n\t\t\t\t\t<div class=\"elementor-column elementor-col-100 elementor-inner-column elementor-element elementor-element-2cdca44e\" data-id=\"2cdca44e\" data-element_type=\"column\" data-e-type=\"column\">\n\t\t\t<div class=\"elementor-widget-wrap elementor-element-populated\">\n\t\t\t\t\t\t<div class=\"elementor-element elementor-element-26b94d35 elementor-align-center elementor-widget elementor-widget-button\" data-id=\"26b94d35\" data-element_type=\"widget\" data-e-type=\"widget\" data-widget_type=\"button.default\">\n\t\t\t\t<div class=\"elementor-widget-container\">\n\t\t\t\t\t\t\t\t\t<div class=\"elementor-button-wrapper\">\n\t\t\t\t\t<a class=\"elementor-button elementor-button-link elementor-size-sm\" href=\"\/nous-joindre\/\" title=\"Contacter Construction Overload\">\n\t\t\t\t\t\t<span class=\"elementor-button-content-wrapper\">\n\t\t\t\t\t\t\t\t\t<span class=\"elementor-button-text\">Contact us<\/span>\n\t\t\t\t\t<\/span>\n\t\t\t\t\t<\/a>\n\t\t\t\t<\/div>\n\t\t\t\t\t\t\t\t<\/div>\n\t\t\t\t<\/div>\n\t\t\t\t\t<\/div>\n\t\t<\/div>\n\t\t\t\t\t<\/div>\n\t\t<\/section>\n\t\t\t\t\t<\/div>\n\t\t<\/div>\n\t\t\t\t\t<\/div>\n\t\t<\/section>\n\t\t\t\t<\/div>","protected":false},"excerpt":{"rendered":"<p>Service personnalis\u00e9 pour vos projets cl\u00e9 en main Drain fran\u00e7ais et r\u00e9paration de fissures Vaudreuil, Valleyfield et St-Zotique Construction Overload est votre expert en travaux reli\u00e9s aux fondations dans les r\u00e9gions de Vaudreuil-Dorion, St-Zotique, Salaberry-de-Valleyfield, Rigaud, Les Coteaux et les envions. Avec notre savoir-faire et notre exp\u00e9rience, nous vous offrons des services de haute qualit\u00e9 [&hellip;]<\/p>\n","protected":false},"author":1,"featured_media":0,"parent":0,"menu_order":0,"comment_status":"closed","ping_status":"closed","template":"","meta":{"footnotes":""},"class_list":["post-51","page","type-page","status-publish","hentry"],"_links":{"self":[{"href":"https:\/\/constructionoverload.com\/en\/wp-json\/wp\/v2\/pages\/51","targetHints":{"allow":["GET"]}}],"collection":[{"href":"https:\/\/constructionoverload.com\/en\/wp-json\/wp\/v2\/pages"}],"about":[{"href":"https:\/\/constructionoverload.com\/en\/wp-json\/wp\/v2\/types\/page"}],"author":[{"embeddable":true,"href":"https:\/\/constructionoverload.com\/en\/wp-json\/wp\/v2\/users\/1"}],"replies":[{"embeddable":true,"href":"https:\/\/constructionoverload.com\/en\/wp-json\/wp\/v2\/comments?post=51"}],"version-history":[{"count":0,"href":"https:\/\/constructionoverload.com\/en\/wp-json\/wp\/v2\/pages\/51\/revisions"}],"wp:attachment":[{"href":"https:\/\/constructionoverload.com\/en\/wp-json\/wp\/v2\/media?parent=51"}],"curies":[{"name":"wp","href":"https:\/\/api.w.org\/{rel}","templated":true}]}}