{"id":286,"date":"2023-09-25T18:38:53","date_gmt":"2023-09-25T18:38:53","guid":{"rendered":"https:\/\/constructionoverload.com\/?page_id=286"},"modified":"2023-09-25T18:43:21","modified_gmt":"2023-09-25T18:43:21","slug":"entrepreneur-en-excavation-vaudreuil-valleyfield-st-zotique","status":"publish","type":"page","link":"https:\/\/constructionoverload.com\/en\/entrepreneur-en-excavation-vaudreuil-valleyfield-st-zotique\/","title":{"rendered":"Entrepreneur en excavation"},"content":{"rendered":"<div data-elementor-type=\"wp-page\" data-elementor-id=\"286\" class=\"elementor elementor-286\" data-elementor-settings=\"{&quot;ha_cmc_init_switcher&quot;:&quot;no&quot;}\" data-elementor-post-type=\"page\">\n\t\t\t\t\t\t<section class=\"elementor-section elementor-top-section elementor-element elementor-element-66477b36 elementor-section-height-min-height elementor-section-boxed elementor-section-height-default elementor-section-items-middle\" data-id=\"66477b36\" data-element_type=\"section\" data-e-type=\"section\" data-settings=\"{&quot;background_background&quot;:&quot;classic&quot;}\">\n\t\t\t\t\t\t\t<div class=\"elementor-background-overlay\"><\/div>\n\t\t\t\t\t\t\t<div class=\"elementor-container elementor-column-gap-default\">\n\t\t\t\t\t<div class=\"elementor-column elementor-col-100 elementor-top-column elementor-element elementor-element-6b74c076\" data-id=\"6b74c076\" data-element_type=\"column\" data-e-type=\"column\">\n\t\t\t<div class=\"elementor-widget-wrap elementor-element-populated\">\n\t\t\t\t\t\t<div class=\"elementor-element elementor-element-181b7621 elementor-widget elementor-widget-heading\" data-id=\"181b7621\" data-element_type=\"widget\" data-e-type=\"widget\" data-widget_type=\"heading.default\">\n\t\t\t\t<div class=\"elementor-widget-container\">\n\t\t\t\t\t<div class=\"elementor-heading-title elementor-size-default\">Personalized service<\/div>\t\t\t\t<\/div>\n\t\t\t\t<\/div>\n\t\t\t\t<div class=\"elementor-element elementor-element-57344076 elementor-widget elementor-widget-heading\" data-id=\"57344076\" data-element_type=\"widget\" data-e-type=\"widget\" data-widget_type=\"heading.default\">\n\t\t\t\t<div class=\"elementor-widget-container\">\n\t\t\t\t\t<div class=\"elementor-heading-title elementor-size-default\">for your turnkey projects<\/div>\t\t\t\t<\/div>\n\t\t\t\t<\/div>\n\t\t\t\t\t<\/div>\n\t\t<\/div>\n\t\t\t\t\t<\/div>\n\t\t<\/section>\n\t\t\t\t<section class=\"elementor-section elementor-top-section elementor-element elementor-element-7972fd4b elementor-section-boxed elementor-section-height-default elementor-section-height-default\" data-id=\"7972fd4b\" data-element_type=\"section\" data-e-type=\"section\" data-settings=\"{&quot;background_background&quot;:&quot;classic&quot;}\">\n\t\t\t\t\t\t<div class=\"elementor-container elementor-column-gap-default\">\n\t\t\t\t\t<div class=\"elementor-column elementor-col-100 elementor-top-column elementor-element elementor-element-43ad14d4\" data-id=\"43ad14d4\" data-element_type=\"column\" data-e-type=\"column\">\n\t\t\t<div class=\"elementor-widget-wrap elementor-element-populated\">\n\t\t\t\t\t\t<div class=\"elementor-element elementor-element-2f7b0081 elementor-widget elementor-widget-heading\" data-id=\"2f7b0081\" data-element_type=\"widget\" data-e-type=\"widget\" data-widget_type=\"heading.default\">\n\t\t\t\t<div class=\"elementor-widget-container\">\n\t\t\t\t\t<h1 class=\"elementor-heading-title elementor-size-default\">Entrepreneur en excavation \u00e0 Vaudreuil-Dorion, Valleyfield et St-Zotique<\/h1>\t\t\t\t<\/div>\n\t\t\t\t<\/div>\n\t\t\t\t<div class=\"elementor-element elementor-element-54f40c4 elementor-widget elementor-widget-text-editor\" data-id=\"54f40c4\" data-element_type=\"widget\" data-e-type=\"widget\" data-widget_type=\"text-editor.default\">\n\t\t\t\t<div class=\"elementor-widget-container\">\n\t\t\t\t\t\t\t\t\t<p>Construction Overload est votre entrepreneur en excavation \u00e0 Vaudreuil-Dorion, Valleyfield, St-Zotique et les environs. Nous sommes fiers de mettre \u00e0 votre disposition notre expertise en excavation afin de r\u00e9aliser vos diff\u00e9rents projets. Notre entreprise, certifi\u00e9e APCHQ et membre de la R\u00e9gie du b\u00e2timent du Qu\u00e9bec (RBQ), est reconnue pour son professionnalisme et son d\u00e9vouement envers la satisfaction des clients.<\/p><p><strong>Pourquoi Choisir Construction Overload:<\/strong><br \/>En tant qu&rsquo;entrepreneur g\u00e9n\u00e9ral certifi\u00e9 APCHQ et membre de la RBQ, notre engagement envers l&rsquo;excellence se refl\u00e8te dans chaque projet que nous entreprenons. Voici pourquoi vous devriez choisir Construction Overload pour vos travaux de mini-excavation de tranch\u00e9es :<\/p><p>Nous sommes bien ancr\u00e9s dans les communaut\u00e9s de Vaudreuil-Dorion, Valleyfield et St-Zotique, ce qui signifie que nous comprenons les sp\u00e9cificit\u00e9s de ces r\u00e9gions. Notre \u00e9quipe comp\u00e9tente et exp\u00e9riment\u00e9e s&rsquo;efforce toujours de fournir des services de haute qualit\u00e9. Nous prenons la s\u00e9curit\u00e9 au s\u00e9rieux, en utilisant des m\u00e9thodes s\u00fbres et en respectant toutes les normes en vigueur. Contactez-nous d\u00e8s aujourd&rsquo;hui pour obtenir une estimation gratuite de vos travaux d\u2019excavation.<\/p><p><strong>Villes desservies<\/strong><\/p><ul><li>Vaudreuil-Dorion<\/li><li>Salaberry-de-Valleyfield<\/li><li>St-Zotique<\/li><li>Pointe-Claire<\/li><li>Ouest de l&rsquo;\u00ccle<\/li><li>Rive-Sud de Montr\u00e9al<\/li><\/ul>\t\t\t\t\t\t\t\t<\/div>\n\t\t\t\t<\/div>\n\t\t\t\t\t<\/div>\n\t\t<\/div>\n\t\t\t\t\t<\/div>\n\t\t<\/section>\n\t\t\t\t<section class=\"elementor-section elementor-top-section elementor-element elementor-element-747cc24 elementor-section-full_width elementor-section-height-default elementor-section-height-default\" data-id=\"747cc24\" data-element_type=\"section\" data-e-type=\"section\">\n\t\t\t\t\t\t<div class=\"elementor-container elementor-column-gap-default\">\n\t\t\t\t\t<div class=\"elementor-column elementor-col-100 elementor-top-column elementor-element elementor-element-24d0e643\" data-id=\"24d0e643\" data-element_type=\"column\" data-e-type=\"column\">\n\t\t\t<div class=\"elementor-widget-wrap elementor-element-populated\">\n\t\t\t\t\t\t<div class=\"elementor-element elementor-element-2ca4d45b elementor-widget elementor-widget-gallery\" data-id=\"2ca4d45b\" data-element_type=\"widget\" data-e-type=\"widget\" data-settings=\"{&quot;columns&quot;:3,&quot;columns_tablet&quot;:3,&quot;lazyload&quot;:&quot;yes&quot;,&quot;gallery_layout&quot;:&quot;grid&quot;,&quot;columns_mobile&quot;:1,&quot;gap&quot;:{&quot;unit&quot;:&quot;px&quot;,&quot;size&quot;:10,&quot;sizes&quot;:[]},&quot;gap_tablet&quot;:{&quot;unit&quot;:&quot;px&quot;,&quot;size&quot;:10,&quot;sizes&quot;:[]},&quot;gap_mobile&quot;:{&quot;unit&quot;:&quot;px&quot;,&quot;size&quot;:10,&quot;sizes&quot;:[]},&quot;link_to&quot;:&quot;file&quot;,&quot;aspect_ratio&quot;:&quot;3:2&quot;,&quot;overlay_background&quot;:&quot;yes&quot;,&quot;content_hover_animation&quot;:&quot;fade-in&quot;}\" data-widget_type=\"gallery.default\">\n\t\t\t\t<div class=\"elementor-widget-container\">\n\t\t\t\t\t\t\t<div class=\"elementor-gallery__container\">\n\t\t\t\t\t\t\t<a class=\"e-gallery-item elementor-gallery-item elementor-animated-content\" href=\"https:\/\/constructionoverload.com\/wp-content\/uploads\/2023\/08\/travaux-mini-excavation-tranchees-monteregie-01.jpg\" data-elementor-open-lightbox=\"yes\" data-elementor-lightbox-slideshow=\"2ca4d45b\" data-elementor-lightbox-title=\"travaux-mini-excavation-tranchees-monteregie-01.jpg\" data-e-action-hash=\"#elementor-action%3Aaction%3Dlightbox%26settings%3DeyJpZCI6NDMsInVybCI6Imh0dHBzOlwvXC9jb25zdHJ1Y3Rpb25vdmVybG9hZC5jb21cL3dwLWNvbnRlbnRcL3VwbG9hZHNcLzIwMjNcLzA4XC90cmF2YXV4LW1pbmktZXhjYXZhdGlvbi10cmFuY2hlZXMtbW9udGVyZWdpZS0wMS5qcGciLCJzbGlkZXNob3ciOiIyY2E0ZDQ1YiJ9\">\n\t\t\t\t\t<div class=\"e-gallery-image elementor-gallery-item__image\" data-thumbnail=\"https:\/\/constructionoverload.com\/wp-content\/uploads\/2023\/08\/travaux-mini-excavation-tranchees-monteregie-01.jpg\" data-width=\"710\" data-height=\"510\" aria-label=\"\" role=\"img\" ><\/div>\n\t\t\t\t\t\t\t\t\t\t\t<div class=\"elementor-gallery-item__overlay\"><\/div>\n\t\t\t\t\t\t\t\t\t\t\t\t\t\t<\/a>\n\t\t\t\t\t\t\t<a class=\"e-gallery-item elementor-gallery-item elementor-animated-content\" href=\"https:\/\/constructionoverload.com\/wp-content\/uploads\/2023\/08\/travaux-mini-excavation-tranchees-monteregie-02.jpg\" data-elementor-open-lightbox=\"yes\" data-elementor-lightbox-slideshow=\"2ca4d45b\" data-elementor-lightbox-title=\"travaux-mini-excavation-tranchees-monteregie-02.jpg\" data-e-action-hash=\"#elementor-action%3Aaction%3Dlightbox%26settings%3DeyJpZCI6NDQsInVybCI6Imh0dHBzOlwvXC9jb25zdHJ1Y3Rpb25vdmVybG9hZC5jb21cL3dwLWNvbnRlbnRcL3VwbG9hZHNcLzIwMjNcLzA4XC90cmF2YXV4LW1pbmktZXhjYXZhdGlvbi10cmFuY2hlZXMtbW9udGVyZWdpZS0wMi5qcGciLCJzbGlkZXNob3ciOiIyY2E0ZDQ1YiJ9\">\n\t\t\t\t\t<div class=\"e-gallery-image elementor-gallery-item__image\" data-thumbnail=\"https:\/\/constructionoverload.com\/wp-content\/uploads\/2023\/08\/travaux-mini-excavation-tranchees-monteregie-02.jpg\" data-width=\"710\" data-height=\"510\" aria-label=\"\" role=\"img\" ><\/div>\n\t\t\t\t\t\t\t\t\t\t\t<div class=\"elementor-gallery-item__overlay\"><\/div>\n\t\t\t\t\t\t\t\t\t\t\t\t\t\t<\/a>\n\t\t\t\t\t\t\t<a class=\"e-gallery-item elementor-gallery-item elementor-animated-content\" href=\"https:\/\/constructionoverload.com\/wp-content\/uploads\/2023\/08\/travaux-mini-excavation-tranchees-monteregie-03.jpg\" data-elementor-open-lightbox=\"yes\" data-elementor-lightbox-slideshow=\"2ca4d45b\" data-elementor-lightbox-title=\"travaux-mini-excavation-tranchees-monteregie-03.jpg\" data-e-action-hash=\"#elementor-action%3Aaction%3Dlightbox%26settings%3DeyJpZCI6NDUsInVybCI6Imh0dHBzOlwvXC9jb25zdHJ1Y3Rpb25vdmVybG9hZC5jb21cL3dwLWNvbnRlbnRcL3VwbG9hZHNcLzIwMjNcLzA4XC90cmF2YXV4LW1pbmktZXhjYXZhdGlvbi10cmFuY2hlZXMtbW9udGVyZWdpZS0wMy5qcGciLCJzbGlkZXNob3ciOiIyY2E0ZDQ1YiJ9\">\n\t\t\t\t\t<div class=\"e-gallery-image elementor-gallery-item__image\" data-thumbnail=\"https:\/\/constructionoverload.com\/wp-content\/uploads\/2023\/08\/travaux-mini-excavation-tranchees-monteregie-03.jpg\" data-width=\"710\" data-height=\"510\" aria-label=\"\" role=\"img\" ><\/div>\n\t\t\t\t\t\t\t\t\t\t\t<div class=\"elementor-gallery-item__overlay\"><\/div>\n\t\t\t\t\t\t\t\t\t\t\t\t\t\t<\/a>\n\t\t\t\t\t\t\t<a class=\"e-gallery-item elementor-gallery-item elementor-animated-content\" href=\"https:\/\/constructionoverload.com\/wp-content\/uploads\/2023\/08\/travaux-mini-excavation-tranchees-monteregie-04.jpg\" data-elementor-open-lightbox=\"yes\" data-elementor-lightbox-slideshow=\"2ca4d45b\" data-elementor-lightbox-title=\"travaux-mini-excavation-tranchees-monteregie-04.jpg\" data-e-action-hash=\"#elementor-action%3Aaction%3Dlightbox%26settings%3DeyJpZCI6NDYsInVybCI6Imh0dHBzOlwvXC9jb25zdHJ1Y3Rpb25vdmVybG9hZC5jb21cL3dwLWNvbnRlbnRcL3VwbG9hZHNcLzIwMjNcLzA4XC90cmF2YXV4LW1pbmktZXhjYXZhdGlvbi10cmFuY2hlZXMtbW9udGVyZWdpZS0wNC5qcGciLCJzbGlkZXNob3ciOiIyY2E0ZDQ1YiJ9\">\n\t\t\t\t\t<div class=\"e-gallery-image elementor-gallery-item__image\" data-thumbnail=\"https:\/\/constructionoverload.com\/wp-content\/uploads\/2023\/08\/travaux-mini-excavation-tranchees-monteregie-04.jpg\" data-width=\"710\" data-height=\"510\" aria-label=\"\" role=\"img\" ><\/div>\n\t\t\t\t\t\t\t\t\t\t\t<div class=\"elementor-gallery-item__overlay\"><\/div>\n\t\t\t\t\t\t\t\t\t\t\t\t\t\t<\/a>\n\t\t\t\t\t\t\t<a class=\"e-gallery-item elementor-gallery-item elementor-animated-content\" href=\"https:\/\/constructionoverload.com\/wp-content\/uploads\/2023\/08\/travaux-mini-excavation-tranchees-monteregie-05.jpg\" data-elementor-open-lightbox=\"yes\" data-elementor-lightbox-slideshow=\"2ca4d45b\" data-elementor-lightbox-title=\"travaux-mini-excavation-tranchees-monteregie-05.jpg\" data-e-action-hash=\"#elementor-action%3Aaction%3Dlightbox%26settings%3DeyJpZCI6NDcsInVybCI6Imh0dHBzOlwvXC9jb25zdHJ1Y3Rpb25vdmVybG9hZC5jb21cL3dwLWNvbnRlbnRcL3VwbG9hZHNcLzIwMjNcLzA4XC90cmF2YXV4LW1pbmktZXhjYXZhdGlvbi10cmFuY2hlZXMtbW9udGVyZWdpZS0wNS5qcGciLCJzbGlkZXNob3ciOiIyY2E0ZDQ1YiJ9\">\n\t\t\t\t\t<div class=\"e-gallery-image elementor-gallery-item__image\" data-thumbnail=\"https:\/\/constructionoverload.com\/wp-content\/uploads\/2023\/08\/travaux-mini-excavation-tranchees-monteregie-05.jpg\" data-width=\"710\" data-height=\"510\" aria-label=\"\" role=\"img\" ><\/div>\n\t\t\t\t\t\t\t\t\t\t\t<div class=\"elementor-gallery-item__overlay\"><\/div>\n\t\t\t\t\t\t\t\t\t\t\t\t\t\t<\/a>\n\t\t\t\t\t\t\t<a class=\"e-gallery-item elementor-gallery-item elementor-animated-content\" href=\"https:\/\/constructionoverload.com\/wp-content\/uploads\/2023\/08\/travaux-mini-excavation-tranchees-monteregie-06.jpg\" data-elementor-open-lightbox=\"yes\" data-elementor-lightbox-slideshow=\"2ca4d45b\" data-elementor-lightbox-title=\"travaux-mini-excavation-tranchees-monteregie-06.jpg\" data-e-action-hash=\"#elementor-action%3Aaction%3Dlightbox%26settings%3DeyJpZCI6NDgsInVybCI6Imh0dHBzOlwvXC9jb25zdHJ1Y3Rpb25vdmVybG9hZC5jb21cL3dwLWNvbnRlbnRcL3VwbG9hZHNcLzIwMjNcLzA4XC90cmF2YXV4LW1pbmktZXhjYXZhdGlvbi10cmFuY2hlZXMtbW9udGVyZWdpZS0wNi5qcGciLCJzbGlkZXNob3ciOiIyY2E0ZDQ1YiJ9\">\n\t\t\t\t\t<div class=\"e-gallery-image elementor-gallery-item__image\" data-thumbnail=\"https:\/\/constructionoverload.com\/wp-content\/uploads\/2023\/08\/travaux-mini-excavation-tranchees-monteregie-06.jpg\" data-width=\"710\" data-height=\"510\" aria-label=\"\" role=\"img\" ><\/div>\n\t\t\t\t\t\t\t\t\t\t\t<div class=\"elementor-gallery-item__overlay\"><\/div>\n\t\t\t\t\t\t\t\t\t\t\t\t\t\t<\/a>\n\t\t\t\t\t<\/div>\n\t\t\t\t\t<\/div>\n\t\t\t\t<\/div>\n\t\t\t\t\t<\/div>\n\t\t<\/div>\n\t\t\t\t\t<\/div>\n\t\t<\/section>\n\t\t\t\t<section class=\"elementor-section elementor-inner-section elementor-element elementor-element-d403a2b elementor-section-height-min-height elementor-section-boxed elementor-section-height-default elementor-section-items-middle\" data-id=\"d403a2b\" data-element_type=\"section\" data-e-type=\"section\" data-settings=\"{&quot;background_background&quot;:&quot;classic&quot;}\">\n\t\t\t\t\t\t\t<div class=\"elementor-background-overlay\"><\/div>\n\t\t\t\t\t\t\t<div class=\"elementor-container elementor-column-gap-default\">\n\t\t\t\t\t<div class=\"elementor-column elementor-col-100 elementor-inner-column elementor-element elementor-element-3361dea6\" data-id=\"3361dea6\" data-element_type=\"column\" data-e-type=\"column\">\n\t\t\t<div class=\"elementor-widget-wrap elementor-element-populated\">\n\t\t\t\t\t\t<section class=\"elementor-section elementor-inner-section elementor-element elementor-element-489c26dc elementor-section-boxed elementor-section-height-default elementor-section-height-default\" data-id=\"489c26dc\" data-element_type=\"section\" data-e-type=\"section\">\n\t\t\t\t\t\t<div class=\"elementor-container elementor-column-gap-default\">\n\t\t\t\t\t<div class=\"elementor-column elementor-col-100 elementor-inner-column elementor-element elementor-element-ac7786a\" data-id=\"ac7786a\" data-element_type=\"column\" data-e-type=\"column\">\n\t\t\t<div class=\"elementor-widget-wrap elementor-element-populated\">\n\t\t\t\t\t\t<div class=\"elementor-element elementor-element-c830137 elementor-widget elementor-widget-heading\" data-id=\"c830137\" data-element_type=\"widget\" data-e-type=\"widget\" data-widget_type=\"heading.default\">\n\t\t\t\t<div class=\"elementor-widget-container\">\n\t\t\t\t\t<h2 class=\"elementor-heading-title elementor-size-default\">Communiquez avec nous pour vos travaux d'excavation<\/h2>\t\t\t\t<\/div>\n\t\t\t\t<\/div>\n\t\t\t\t<div class=\"elementor-element elementor-element-4257c72f elementor-widget elementor-widget-text-editor\" data-id=\"4257c72f\" data-element_type=\"widget\" data-e-type=\"widget\" data-widget_type=\"text-editor.default\">\n\t\t\t\t<div class=\"elementor-widget-container\">\n\t\t\t\t\t\t\t\t\t<p>Construction Overload est votre partenaire de confiance pour tous vos besoins en mini-excavation de tranch\u00e9es \u00e0 Vaudreuil-Dorion, Valleyfield et St-Zotique. Discutons de vos projets d\u00e8s maintenant et b\u00e9n\u00e9ficiez de notre expertise. Nous sommes l\u00e0 pour vous fournir des solutions adapt\u00e9es \u00e0 vos besoins, avec efficacit\u00e9 et professionnalisme.<\/p>\t\t\t\t\t\t\t\t<\/div>\n\t\t\t\t<\/div>\n\t\t\t\t\t<\/div>\n\t\t<\/div>\n\t\t\t\t\t<\/div>\n\t\t<\/section>\n\t\t\t\t<section class=\"elementor-section elementor-inner-section elementor-element elementor-element-21e0f17d elementor-section-boxed elementor-section-height-default elementor-section-height-default\" data-id=\"21e0f17d\" data-element_type=\"section\" data-e-type=\"section\">\n\t\t\t\t\t\t<div class=\"elementor-container elementor-column-gap-default\">\n\t\t\t\t\t<div class=\"elementor-column elementor-col-100 elementor-inner-column elementor-element elementor-element-70733ae8\" data-id=\"70733ae8\" data-element_type=\"column\" data-e-type=\"column\">\n\t\t\t<div class=\"elementor-widget-wrap elementor-element-populated\">\n\t\t\t\t\t\t<div class=\"elementor-element elementor-element-516096df elementor-align-center elementor-widget elementor-widget-button\" data-id=\"516096df\" data-element_type=\"widget\" data-e-type=\"widget\" data-widget_type=\"button.default\">\n\t\t\t\t<div class=\"elementor-widget-container\">\n\t\t\t\t\t\t\t\t\t<div class=\"elementor-button-wrapper\">\n\t\t\t\t\t<a class=\"elementor-button elementor-button-link elementor-size-sm\" href=\"\/nous-joindre\/\" title=\"Contacter Construction Overload\">\n\t\t\t\t\t\t<span class=\"elementor-button-content-wrapper\">\n\t\t\t\t\t\t\t\t\t<span class=\"elementor-button-text\">Contact us<\/span>\n\t\t\t\t\t<\/span>\n\t\t\t\t\t<\/a>\n\t\t\t\t<\/div>\n\t\t\t\t\t\t\t\t<\/div>\n\t\t\t\t<\/div>\n\t\t\t\t\t<\/div>\n\t\t<\/div>\n\t\t\t\t\t<\/div>\n\t\t<\/section>\n\t\t\t\t\t<\/div>\n\t\t<\/div>\n\t\t\t\t\t<\/div>\n\t\t<\/section>\n\t\t\t\t<\/div>","protected":false},"excerpt":{"rendered":"<p>Service personnalis\u00e9 pour vos projets cl\u00e9 en main Entrepreneur en excavation \u00e0 Vaudreuil-Dorion, Valleyfield et St-Zotique Construction Overload est votre entrepreneur en excavation \u00e0 Vaudreuil-Dorion, Valleyfield, St-Zotique et les environs. Nous sommes fiers de mettre \u00e0 votre disposition notre expertise en excavation afin de r\u00e9aliser vos diff\u00e9rents projets. Notre entreprise, certifi\u00e9e APCHQ et membre de [&hellip;]<\/p>\n","protected":false},"author":1,"featured_media":0,"parent":0,"menu_order":0,"comment_status":"closed","ping_status":"closed","template":"","meta":{"footnotes":""},"class_list":["post-286","page","type-page","status-publish","hentry"],"_links":{"self":[{"href":"https:\/\/constructionoverload.com\/en\/wp-json\/wp\/v2\/pages\/286","targetHints":{"allow":["GET"]}}],"collection":[{"href":"https:\/\/constructionoverload.com\/en\/wp-json\/wp\/v2\/pages"}],"about":[{"href":"https:\/\/constructionoverload.com\/en\/wp-json\/wp\/v2\/types\/page"}],"author":[{"embeddable":true,"href":"https:\/\/constructionoverload.com\/en\/wp-json\/wp\/v2\/users\/1"}],"replies":[{"embeddable":true,"href":"https:\/\/constructionoverload.com\/en\/wp-json\/wp\/v2\/comments?post=286"}],"version-history":[{"count":0,"href":"https:\/\/constructionoverload.com\/en\/wp-json\/wp\/v2\/pages\/286\/revisions"}],"wp:attachment":[{"href":"https:\/\/constructionoverload.com\/en\/wp-json\/wp\/v2\/media?parent=286"}],"curies":[{"name":"wp","href":"https:\/\/api.w.org\/{rel}","templated":true}]}}