{"id":272,"date":"2023-09-25T18:19:19","date_gmt":"2023-09-25T18:19:19","guid":{"rendered":"https:\/\/constructionoverload.com\/?page_id=272"},"modified":"2025-01-14T16:11:54","modified_gmt":"2025-01-14T16:11:54","slug":"fissures-fondation-beton","status":"publish","type":"page","link":"https:\/\/constructionoverload.com\/en\/fissures-fondation-beton\/","title":{"rendered":"Fissures de fondation"},"content":{"rendered":"<div data-elementor-type=\"wp-page\" data-elementor-id=\"272\" class=\"elementor elementor-272\" data-elementor-settings=\"{&quot;ha_cmc_init_switcher&quot;:&quot;no&quot;}\" data-elementor-post-type=\"page\">\n\t\t\t\t\t\t<section class=\"elementor-section elementor-top-section elementor-element elementor-element-4239072 elementor-section-height-min-height elementor-section-boxed elementor-section-height-default elementor-section-items-middle\" data-id=\"4239072\" data-element_type=\"section\" data-e-type=\"section\" data-settings=\"{&quot;background_background&quot;:&quot;classic&quot;}\">\n\t\t\t\t\t\t\t<div class=\"elementor-background-overlay\"><\/div>\n\t\t\t\t\t\t\t<div class=\"elementor-container elementor-column-gap-default\">\n\t\t\t\t\t<div class=\"elementor-column elementor-col-100 elementor-top-column elementor-element elementor-element-36fbf4b9\" data-id=\"36fbf4b9\" data-element_type=\"column\" data-e-type=\"column\">\n\t\t\t<div class=\"elementor-widget-wrap elementor-element-populated\">\n\t\t\t\t\t\t<div class=\"elementor-element elementor-element-149c013e elementor-widget elementor-widget-heading\" data-id=\"149c013e\" data-element_type=\"widget\" data-e-type=\"widget\" data-widget_type=\"heading.default\">\n\t\t\t\t<div class=\"elementor-widget-container\">\n\t\t\t\t\t<div class=\"elementor-heading-title elementor-size-default\">Personalized service<\/div>\t\t\t\t<\/div>\n\t\t\t\t<\/div>\n\t\t\t\t<div class=\"elementor-element elementor-element-53b8362b elementor-widget elementor-widget-heading\" data-id=\"53b8362b\" data-element_type=\"widget\" data-e-type=\"widget\" data-widget_type=\"heading.default\">\n\t\t\t\t<div class=\"elementor-widget-container\">\n\t\t\t\t\t<div class=\"elementor-heading-title elementor-size-default\">for your turnkey projects<\/div>\t\t\t\t<\/div>\n\t\t\t\t<\/div>\n\t\t\t\t\t<\/div>\n\t\t<\/div>\n\t\t\t\t\t<\/div>\n\t\t<\/section>\n\t\t\t\t<section class=\"elementor-section elementor-top-section elementor-element elementor-element-5e96ef00 elementor-section-boxed elementor-section-height-default elementor-section-height-default\" data-id=\"5e96ef00\" data-element_type=\"section\" data-e-type=\"section\" data-settings=\"{&quot;background_background&quot;:&quot;classic&quot;}\">\n\t\t\t\t\t\t<div class=\"elementor-container elementor-column-gap-default\">\n\t\t\t\t\t<div class=\"elementor-column elementor-col-100 elementor-top-column elementor-element elementor-element-4ffcf64f\" data-id=\"4ffcf64f\" data-element_type=\"column\" data-e-type=\"column\">\n\t\t\t<div class=\"elementor-widget-wrap elementor-element-populated\">\n\t\t\t\t\t\t<div class=\"elementor-element elementor-element-6baaba5 elementor-widget elementor-widget-heading\" data-id=\"6baaba5\" data-element_type=\"widget\" data-e-type=\"widget\" data-widget_type=\"heading.default\">\n\t\t\t\t<div class=\"elementor-widget-container\">\n\t\t\t\t\t<h1 class=\"elementor-heading-title elementor-size-default\">R\u00e9paration de fissures \u00e0 Vaudreuil-Dorion, Valleyfield  <span class=\"text-nowrap\">et St-Zotique\n<\/span><\/h1>\t\t\t\t<\/div>\n\t\t\t\t<\/div>\n\t\t\t\t<div class=\"elementor-element elementor-element-4f5fc9ea elementor-widget elementor-widget-text-editor\" data-id=\"4f5fc9ea\" data-element_type=\"widget\" data-e-type=\"widget\" data-widget_type=\"text-editor.default\">\n\t\t\t\t<div class=\"elementor-widget-container\">\n\t\t\t\t\t\t\t\t\t<p>Construction Overload est votre partenaire de confiance pour tous les travaux li\u00e9s aux fondations dans les r\u00e9gions de Vaudreuil-Dorion, St-Zotique, Salaberry-de-Valleyfield, Rigaud, Les Coteaux et leurs environs. Avec notre expertise reconnue et notre longue exp\u00e9rience, nous offrons des services de premi\u00e8re qualit\u00e9 pour r\u00e9pondre \u00e0 tous vos besoins en mati\u00e8re de fondations.<\/p><p>Chez Construction Overload, nous vous proposons une gamme compl\u00e8te de services sp\u00e9cialis\u00e9s pour garantir la stabilit\u00e9, la durabilit\u00e9 et l\u2019imperm\u00e9abilit\u00e9 de vos fondations. Nos services comprennent notamment :<\/p><p><strong>R\u00e9paration de fissures de fondation :<\/strong> Les fissures dans les fondations peuvent compromettre leur solidit\u00e9 et la s\u00e9curit\u00e9 de votre maison. Chez <a href=\"https:\/\/www.constructionoverload.com\/\">Construction Overload<\/a>, nous utilisons la m\u00e9thode \u00e9prouv\u00e9e d&rsquo;injection de polyur\u00e9thane \u00e0 haute pression pour sceller efficacement les fissures, renfor\u00e7ant ainsi la structure de vos fondations.<\/p><p><strong>Imperm\u00e9abilisation de fondation:<\/strong> Notre \u00e9quipe utilise des mat\u00e9riaux de qualit\u00e9 sup\u00e9rieure, tels que le goudron et la membrane delta, pour r\u00e9aliser des travaux d&rsquo;imperm\u00e9abilisation. Cette \u00e9tape cruciale garantit une protection durable contre l&rsquo;humidit\u00e9 et les infiltrations d&rsquo;eau, pr\u00e9servant ainsi l&rsquo;int\u00e9grit\u00e9 de vos fondations.<\/p><p><strong>Drain fran\u00e7ais :<\/strong> Les probl\u00e8mes d&rsquo;infiltration d&rsquo;eau peuvent causer d&rsquo;importants dommages \u00e0 vos fondations. C&rsquo;est pourquoi nous offrons des services de <a href=\"https:\/\/constructionoverload.com\/drain-francais\/\">pose de drain fran\u00e7ais<\/a> de haute qualit\u00e9. Ce syst\u00e8me essentiel assure une gestion efficace des eaux souterraines, aidant ainsi \u00e0 pr\u00e9venir les probl\u00e8mes d&rsquo;infiltration et \u00e0 prot\u00e9ger vos fondations.<\/p><p><strong>Notre Engagement en Qualit\u00e9 et Expertise<\/strong><br \/>Nous sommes fiers de notre engagement envers la qualit\u00e9 et l&rsquo;expertise. Notre \u00e9quipe d&rsquo;experts est \u00e9quip\u00e9e des derni\u00e8res technologies et reste constamment \u00e0 jour des meilleures pratiques de l&rsquo;industrie. Chez Construction Overload, nous comprenons \u00e0 quel point vos fondations sont cruciales, et nous nous engageons \u00e0 fournir des solutions fiables et durables pour les prot\u00e9ger.<\/p>\t\t\t\t\t\t\t\t<\/div>\n\t\t\t\t<\/div>\n\t\t\t\t<div class=\"elementor-element elementor-element-a85b174 elementor-align-center elementor-widget elementor-widget-button\" data-id=\"a85b174\" data-element_type=\"widget\" data-e-type=\"widget\" data-widget_type=\"button.default\">\n\t\t\t\t<div class=\"elementor-widget-container\">\n\t\t\t\t\t\t\t\t\t<div class=\"elementor-button-wrapper\">\n\t\t\t\t\t<a class=\"elementor-button elementor-button-link elementor-size-sm\" href=\"https:\/\/constructionoverload.com\/nous-joindre\/\">\n\t\t\t\t\t\t<span class=\"elementor-button-content-wrapper\">\n\t\t\t\t\t\t\t\t\t<span class=\"elementor-button-text\">nous joindre<\/span>\n\t\t\t\t\t<\/span>\n\t\t\t\t\t<\/a>\n\t\t\t\t<\/div>\n\t\t\t\t\t\t\t\t<\/div>\n\t\t\t\t<\/div>\n\t\t\t\t\t<\/div>\n\t\t<\/div>\n\t\t\t\t\t<\/div>\n\t\t<\/section>\n\t\t\t\t<section class=\"elementor-section elementor-top-section elementor-element elementor-element-68ac450d elementor-section-full_width elementor-section-height-default elementor-section-height-default\" data-id=\"68ac450d\" data-element_type=\"section\" data-e-type=\"section\">\n\t\t\t\t\t\t<div class=\"elementor-container elementor-column-gap-default\">\n\t\t\t\t\t<div class=\"elementor-column elementor-col-100 elementor-top-column elementor-element elementor-element-666e43a0\" data-id=\"666e43a0\" data-element_type=\"column\" data-e-type=\"column\">\n\t\t\t<div class=\"elementor-widget-wrap elementor-element-populated\">\n\t\t\t\t\t\t<div class=\"elementor-element elementor-element-63ceddc3 elementor-widget elementor-widget-gallery\" data-id=\"63ceddc3\" data-element_type=\"widget\" data-e-type=\"widget\" data-settings=\"{&quot;columns&quot;:3,&quot;columns_tablet&quot;:3,&quot;lazyload&quot;:&quot;yes&quot;,&quot;gallery_layout&quot;:&quot;grid&quot;,&quot;columns_mobile&quot;:1,&quot;gap&quot;:{&quot;unit&quot;:&quot;px&quot;,&quot;size&quot;:10,&quot;sizes&quot;:[]},&quot;gap_tablet&quot;:{&quot;unit&quot;:&quot;px&quot;,&quot;size&quot;:10,&quot;sizes&quot;:[]},&quot;gap_mobile&quot;:{&quot;unit&quot;:&quot;px&quot;,&quot;size&quot;:10,&quot;sizes&quot;:[]},&quot;link_to&quot;:&quot;file&quot;,&quot;aspect_ratio&quot;:&quot;3:2&quot;,&quot;overlay_background&quot;:&quot;yes&quot;,&quot;content_hover_animation&quot;:&quot;fade-in&quot;}\" data-widget_type=\"gallery.default\">\n\t\t\t\t<div class=\"elementor-widget-container\">\n\t\t\t\t\t\t\t<div class=\"elementor-gallery__container\">\n\t\t\t\t\t\t\t<a class=\"e-gallery-item elementor-gallery-item elementor-animated-content\" href=\"https:\/\/constructionoverload.com\/wp-content\/uploads\/2023\/08\/drain-francais-fissures-fondations-monteregie-01.jpg\" data-elementor-open-lightbox=\"yes\" data-elementor-lightbox-slideshow=\"63ceddc3\" data-elementor-lightbox-title=\"drain-francais-fissures-fondations-monteregie-01.jpg\" data-e-action-hash=\"#elementor-action%3Aaction%3Dlightbox%26settings%3DeyJpZCI6NTIsInVybCI6Imh0dHBzOlwvXC9jb25zdHJ1Y3Rpb25vdmVybG9hZC5jb21cL3dwLWNvbnRlbnRcL3VwbG9hZHNcLzIwMjNcLzA4XC9kcmFpbi1mcmFuY2Fpcy1maXNzdXJlcy1mb25kYXRpb25zLW1vbnRlcmVnaWUtMDEuanBnIiwic2xpZGVzaG93IjoiNjNjZWRkYzMifQ%3D%3D\">\n\t\t\t\t\t<div class=\"e-gallery-image elementor-gallery-item__image\" data-thumbnail=\"https:\/\/constructionoverload.com\/wp-content\/uploads\/2023\/08\/drain-francais-fissures-fondations-monteregie-01.jpg\" data-width=\"710\" data-height=\"510\" aria-label=\"\" role=\"img\" ><\/div>\n\t\t\t\t\t\t\t\t\t\t\t<div class=\"elementor-gallery-item__overlay\"><\/div>\n\t\t\t\t\t\t\t\t\t\t\t\t\t\t<\/a>\n\t\t\t\t\t\t\t<a class=\"e-gallery-item elementor-gallery-item elementor-animated-content\" href=\"https:\/\/constructionoverload.com\/wp-content\/uploads\/2023\/08\/drain-francais-fissures-fondations-monteregie-02.jpg\" data-elementor-open-lightbox=\"yes\" data-elementor-lightbox-slideshow=\"63ceddc3\" data-elementor-lightbox-title=\"drain-francais-fissures-fondations-monteregie-02.jpg\" data-e-action-hash=\"#elementor-action%3Aaction%3Dlightbox%26settings%3DeyJpZCI6NTMsInVybCI6Imh0dHBzOlwvXC9jb25zdHJ1Y3Rpb25vdmVybG9hZC5jb21cL3dwLWNvbnRlbnRcL3VwbG9hZHNcLzIwMjNcLzA4XC9kcmFpbi1mcmFuY2Fpcy1maXNzdXJlcy1mb25kYXRpb25zLW1vbnRlcmVnaWUtMDIuanBnIiwic2xpZGVzaG93IjoiNjNjZWRkYzMifQ%3D%3D\">\n\t\t\t\t\t<div class=\"e-gallery-image elementor-gallery-item__image\" data-thumbnail=\"https:\/\/constructionoverload.com\/wp-content\/uploads\/2023\/08\/drain-francais-fissures-fondations-monteregie-02.jpg\" data-width=\"710\" data-height=\"510\" aria-label=\"\" role=\"img\" ><\/div>\n\t\t\t\t\t\t\t\t\t\t\t<div class=\"elementor-gallery-item__overlay\"><\/div>\n\t\t\t\t\t\t\t\t\t\t\t\t\t\t<\/a>\n\t\t\t\t\t\t\t<a class=\"e-gallery-item elementor-gallery-item elementor-animated-content\" href=\"https:\/\/constructionoverload.com\/wp-content\/uploads\/2023\/08\/drain-francais-fissures-fondations-monteregie-03.jpg\" data-elementor-open-lightbox=\"yes\" data-elementor-lightbox-slideshow=\"63ceddc3\" data-elementor-lightbox-title=\"drain-francais-fissures-fondations-monteregie-03.jpg\" data-e-action-hash=\"#elementor-action%3Aaction%3Dlightbox%26settings%3DeyJpZCI6NTQsInVybCI6Imh0dHBzOlwvXC9jb25zdHJ1Y3Rpb25vdmVybG9hZC5jb21cL3dwLWNvbnRlbnRcL3VwbG9hZHNcLzIwMjNcLzA4XC9kcmFpbi1mcmFuY2Fpcy1maXNzdXJlcy1mb25kYXRpb25zLW1vbnRlcmVnaWUtMDMuanBnIiwic2xpZGVzaG93IjoiNjNjZWRkYzMifQ%3D%3D\">\n\t\t\t\t\t<div class=\"e-gallery-image elementor-gallery-item__image\" data-thumbnail=\"https:\/\/constructionoverload.com\/wp-content\/uploads\/2023\/08\/drain-francais-fissures-fondations-monteregie-03.jpg\" data-width=\"710\" data-height=\"510\" aria-label=\"\" role=\"img\" ><\/div>\n\t\t\t\t\t\t\t\t\t\t\t<div class=\"elementor-gallery-item__overlay\"><\/div>\n\t\t\t\t\t\t\t\t\t\t\t\t\t\t<\/a>\n\t\t\t\t\t\t\t<a class=\"e-gallery-item elementor-gallery-item elementor-animated-content\" href=\"https:\/\/constructionoverload.com\/wp-content\/uploads\/2023\/08\/drain-francais-fissures-fondations-monteregie-04.jpg\" data-elementor-open-lightbox=\"yes\" data-elementor-lightbox-slideshow=\"63ceddc3\" data-elementor-lightbox-title=\"drain-francais-fissures-fondations-monteregie-04.jpg\" data-e-action-hash=\"#elementor-action%3Aaction%3Dlightbox%26settings%3DeyJpZCI6NTUsInVybCI6Imh0dHBzOlwvXC9jb25zdHJ1Y3Rpb25vdmVybG9hZC5jb21cL3dwLWNvbnRlbnRcL3VwbG9hZHNcLzIwMjNcLzA4XC9kcmFpbi1mcmFuY2Fpcy1maXNzdXJlcy1mb25kYXRpb25zLW1vbnRlcmVnaWUtMDQuanBnIiwic2xpZGVzaG93IjoiNjNjZWRkYzMifQ%3D%3D\">\n\t\t\t\t\t<div class=\"e-gallery-image elementor-gallery-item__image\" data-thumbnail=\"https:\/\/constructionoverload.com\/wp-content\/uploads\/2023\/08\/drain-francais-fissures-fondations-monteregie-04.jpg\" data-width=\"710\" data-height=\"510\" aria-label=\"\" role=\"img\" ><\/div>\n\t\t\t\t\t\t\t\t\t\t\t<div class=\"elementor-gallery-item__overlay\"><\/div>\n\t\t\t\t\t\t\t\t\t\t\t\t\t\t<\/a>\n\t\t\t\t\t\t\t<a class=\"e-gallery-item elementor-gallery-item elementor-animated-content\" href=\"https:\/\/constructionoverload.com\/wp-content\/uploads\/2023\/08\/drain-francais-fissures-fondations-monteregie-05.jpg\" data-elementor-open-lightbox=\"yes\" data-elementor-lightbox-slideshow=\"63ceddc3\" data-elementor-lightbox-title=\"drain-francais-fissures-fondations-monteregie-05.jpg\" data-e-action-hash=\"#elementor-action%3Aaction%3Dlightbox%26settings%3DeyJpZCI6NTYsInVybCI6Imh0dHBzOlwvXC9jb25zdHJ1Y3Rpb25vdmVybG9hZC5jb21cL3dwLWNvbnRlbnRcL3VwbG9hZHNcLzIwMjNcLzA4XC9kcmFpbi1mcmFuY2Fpcy1maXNzdXJlcy1mb25kYXRpb25zLW1vbnRlcmVnaWUtMDUuanBnIiwic2xpZGVzaG93IjoiNjNjZWRkYzMifQ%3D%3D\">\n\t\t\t\t\t<div class=\"e-gallery-image elementor-gallery-item__image\" data-thumbnail=\"https:\/\/constructionoverload.com\/wp-content\/uploads\/2023\/08\/drain-francais-fissures-fondations-monteregie-05.jpg\" data-width=\"710\" data-height=\"510\" aria-label=\"\" role=\"img\" ><\/div>\n\t\t\t\t\t\t\t\t\t\t\t<div class=\"elementor-gallery-item__overlay\"><\/div>\n\t\t\t\t\t\t\t\t\t\t\t\t\t\t<\/a>\n\t\t\t\t\t\t\t<a class=\"e-gallery-item elementor-gallery-item elementor-animated-content\" href=\"https:\/\/constructionoverload.com\/wp-content\/uploads\/2023\/08\/drain-francais-fissures-fondations-monteregie-06.jpg\" data-elementor-open-lightbox=\"yes\" data-elementor-lightbox-slideshow=\"63ceddc3\" data-elementor-lightbox-title=\"drain-francais-fissures-fondations-monteregie-06.jpg\" data-e-action-hash=\"#elementor-action%3Aaction%3Dlightbox%26settings%3DeyJpZCI6NTcsInVybCI6Imh0dHBzOlwvXC9jb25zdHJ1Y3Rpb25vdmVybG9hZC5jb21cL3dwLWNvbnRlbnRcL3VwbG9hZHNcLzIwMjNcLzA4XC9kcmFpbi1mcmFuY2Fpcy1maXNzdXJlcy1mb25kYXRpb25zLW1vbnRlcmVnaWUtMDYuanBnIiwic2xpZGVzaG93IjoiNjNjZWRkYzMifQ%3D%3D\">\n\t\t\t\t\t<div class=\"e-gallery-image elementor-gallery-item__image\" data-thumbnail=\"https:\/\/constructionoverload.com\/wp-content\/uploads\/2023\/08\/drain-francais-fissures-fondations-monteregie-06.jpg\" data-width=\"710\" data-height=\"510\" aria-label=\"\" role=\"img\" ><\/div>\n\t\t\t\t\t\t\t\t\t\t\t<div class=\"elementor-gallery-item__overlay\"><\/div>\n\t\t\t\t\t\t\t\t\t\t\t\t\t\t<\/a>\n\t\t\t\t\t<\/div>\n\t\t\t\t\t<\/div>\n\t\t\t\t<\/div>\n\t\t\t\t\t<\/div>\n\t\t<\/div>\n\t\t\t\t\t<\/div>\n\t\t<\/section>\n\t\t\t\t<section class=\"elementor-section elementor-inner-section elementor-element elementor-element-5626b547 elementor-section-height-min-height elementor-section-boxed elementor-section-height-default elementor-section-items-middle\" data-id=\"5626b547\" data-element_type=\"section\" data-e-type=\"section\" data-settings=\"{&quot;background_background&quot;:&quot;classic&quot;}\">\n\t\t\t\t\t\t\t<div class=\"elementor-background-overlay\"><\/div>\n\t\t\t\t\t\t\t<div class=\"elementor-container elementor-column-gap-default\">\n\t\t\t\t\t<div class=\"elementor-column elementor-col-100 elementor-inner-column elementor-element elementor-element-6366bda3\" data-id=\"6366bda3\" data-element_type=\"column\" data-e-type=\"column\">\n\t\t\t<div class=\"elementor-widget-wrap elementor-element-populated\">\n\t\t\t\t\t\t<section class=\"elementor-section elementor-inner-section elementor-element elementor-element-6e95591a elementor-section-boxed elementor-section-height-default elementor-section-height-default\" data-id=\"6e95591a\" data-element_type=\"section\" data-e-type=\"section\">\n\t\t\t\t\t\t<div class=\"elementor-container elementor-column-gap-default\">\n\t\t\t\t\t<div class=\"elementor-column elementor-col-100 elementor-inner-column elementor-element elementor-element-1da452e5\" data-id=\"1da452e5\" data-element_type=\"column\" data-e-type=\"column\">\n\t\t\t<div class=\"elementor-widget-wrap elementor-element-populated\">\n\t\t\t\t\t\t<div class=\"elementor-element elementor-element-1c789a2f elementor-widget elementor-widget-heading\" data-id=\"1c789a2f\" data-element_type=\"widget\" data-e-type=\"widget\" data-widget_type=\"heading.default\">\n\t\t\t\t<div class=\"elementor-widget-container\">\n\t\t\t\t\t<h2 class=\"elementor-heading-title elementor-size-default\">Soumission sans frais pour vos travaux <span class=\"text-nowrap\">de r\u00e9paration de fissures<\/span><\/h2>\t\t\t\t<\/div>\n\t\t\t\t<\/div>\n\t\t\t\t<div class=\"elementor-element elementor-element-cc09a92 elementor-widget elementor-widget-text-editor\" data-id=\"cc09a92\" data-element_type=\"widget\" data-e-type=\"widget\" data-widget_type=\"text-editor.default\">\n\t\t\t\t<div class=\"elementor-widget-container\">\n\t\t\t\t\t\t\t\t\tN&rsquo;h\u00e9sitez pas \u00e0 nous contacter d\u00e8s aujourd&rsquo;hui pour discuter de vos besoins en mati\u00e8re de fondations. Que vous ayez besoin de travaux de drainage, d&rsquo;imperm\u00e9abilisation ou de <a title=\"R\u00e9paration fissure fondation b\u00e9ton Rive-Sud Mont\u00e9r\u00e9gie\" href=\"https:\/\/www.constructionrenovation.com\/reparation-fissure-beton-rive-sud-montreal\/\" target=\"_blank\" rel=\"noopener\" style=\"text-decoration:underline\">r\u00e9paration de fissures de fondation<\/a>, nous sommes l\u00e0 pour vous offrir des solutions adapt\u00e9es \u00e0 vos projets, avec professionnalisme et expertise. Faites confiance \u00e0 Construction Overload pour assurer la stabilit\u00e9 et la durabilit\u00e9 de vos fondations.\t\t\t\t\t\t\t\t<\/div>\n\t\t\t\t<\/div>\n\t\t\t\t\t<\/div>\n\t\t<\/div>\n\t\t\t\t\t<\/div>\n\t\t<\/section>\n\t\t\t\t<section class=\"elementor-section elementor-inner-section elementor-element elementor-element-12a1d6dc elementor-section-boxed elementor-section-height-default elementor-section-height-default\" data-id=\"12a1d6dc\" data-element_type=\"section\" data-e-type=\"section\">\n\t\t\t\t\t\t<div class=\"elementor-container elementor-column-gap-default\">\n\t\t\t\t\t<div class=\"elementor-column elementor-col-100 elementor-inner-column elementor-element elementor-element-2cdca44e\" data-id=\"2cdca44e\" data-element_type=\"column\" data-e-type=\"column\">\n\t\t\t<div class=\"elementor-widget-wrap elementor-element-populated\">\n\t\t\t\t\t\t<div class=\"elementor-element elementor-element-26b94d35 elementor-align-center elementor-widget elementor-widget-button\" data-id=\"26b94d35\" data-element_type=\"widget\" data-e-type=\"widget\" data-widget_type=\"button.default\">\n\t\t\t\t<div class=\"elementor-widget-container\">\n\t\t\t\t\t\t\t\t\t<div class=\"elementor-button-wrapper\">\n\t\t\t\t\t<a class=\"elementor-button elementor-button-link elementor-size-sm\" href=\"\/nous-joindre\/\" title=\"Contacter Construction Overload\">\n\t\t\t\t\t\t<span class=\"elementor-button-content-wrapper\">\n\t\t\t\t\t\t\t\t\t<span class=\"elementor-button-text\">Contact us<\/span>\n\t\t\t\t\t<\/span>\n\t\t\t\t\t<\/a>\n\t\t\t\t<\/div>\n\t\t\t\t\t\t\t\t<\/div>\n\t\t\t\t<\/div>\n\t\t\t\t\t<\/div>\n\t\t<\/div>\n\t\t\t\t\t<\/div>\n\t\t<\/section>\n\t\t\t\t\t<\/div>\n\t\t<\/div>\n\t\t\t\t\t<\/div>\n\t\t<\/section>\n\t\t\t\t<\/div>","protected":false},"excerpt":{"rendered":"<p>Service personnalis\u00e9 pour vos projets cl\u00e9 en main R\u00e9paration de fissures \u00e0 Vaudreuil-Dorion, Valleyfield et St-Zotique Construction Overload est votre partenaire de confiance pour tous les travaux li\u00e9s aux fondations dans les r\u00e9gions de Vaudreuil-Dorion, St-Zotique, Salaberry-de-Valleyfield, Rigaud, Les Coteaux et leurs environs. Avec notre expertise reconnue et notre longue exp\u00e9rience, nous offrons des services [&hellip;]<\/p>\n","protected":false},"author":1,"featured_media":0,"parent":0,"menu_order":0,"comment_status":"closed","ping_status":"closed","template":"","meta":{"footnotes":""},"class_list":["post-272","page","type-page","status-publish","hentry"],"_links":{"self":[{"href":"https:\/\/constructionoverload.com\/en\/wp-json\/wp\/v2\/pages\/272","targetHints":{"allow":["GET"]}}],"collection":[{"href":"https:\/\/constructionoverload.com\/en\/wp-json\/wp\/v2\/pages"}],"about":[{"href":"https:\/\/constructionoverload.com\/en\/wp-json\/wp\/v2\/types\/page"}],"author":[{"embeddable":true,"href":"https:\/\/constructionoverload.com\/en\/wp-json\/wp\/v2\/users\/1"}],"replies":[{"embeddable":true,"href":"https:\/\/constructionoverload.com\/en\/wp-json\/wp\/v2\/comments?post=272"}],"version-history":[{"count":0,"href":"https:\/\/constructionoverload.com\/en\/wp-json\/wp\/v2\/pages\/272\/revisions"}],"wp:attachment":[{"href":"https:\/\/constructionoverload.com\/en\/wp-json\/wp\/v2\/media?parent=272"}],"curies":[{"name":"wp","href":"https:\/\/api.w.org\/{rel}","templated":true}]}}